{"id":321,"date":"2021-10-30T22:07:02","date_gmt":"2021-10-30T22:07:02","guid":{"rendered":"https:\/\/www.pierremonteagudo.com\/?page_id=321"},"modified":"2025-08-20T17:16:22","modified_gmt":"2025-08-20T17:16:22","slug":"la-tecnologia-del-cosmos","status":"publish","type":"page","link":"https:\/\/www.pierremonteagudo.com\/index.php\/la-tecnologia-del-cosmos\/","title":{"rendered":"LA TECNOLOG\u00cdA DEL COSMOS"},"content":{"rendered":"<p style=\"text-align: justify;\">La biograf\u00eda de un genio olvidado de la carrera espacial te llevar\u00e1 al l\u00edmite de las emociones en el impactante mundo del programa MKUltra y el borrado de los recuerdos. Las evidencias indican que el personaje sufri\u00f3 un gran da\u00f1o f\u00edsico, ps\u00edquico y moral. A pesar de las torturas, gracias a su habitual voluntad de hierro resurgi\u00f3 como el ave f\u00e9nix para dejarnos esta apasionante obra, basada en hechos reales, que est\u00e1 sorprendiendo al mundo: Vuelos extraoficiales y misiones encubiertas. \u00bfTesla, Rojas, Roswell, la Luna y el acero c\u00f3smico tienen una conexi\u00f3n secreta?<\/p>\n<p style=\"text-align: justify;\">Descubre la magnitud real de lo que nos ocultan&#8230;<strong><em>supera todo lo imaginable.<\/em><\/strong><\/p>\n<figure><img loading=\"lazy\" decoding=\"async\" src=\"http:\/\/www.pierremonteagudo.com\/wp-content\/uploads\/2021\/10\/PORTADA-TIENDA-LIBRO-2-EXPEDIENTE-ROJAS-LA-TECNOLOGIA-DEL-COSMOS-263x300.jpg\" sizes=\"auto, (max-width: 263px) 100vw, 263px\" srcset=\"https:\/\/www.pierremonteagudo.com\/wp-content\/uploads\/2021\/10\/PORTADA-TIENDA-LIBRO-2-EXPEDIENTE-ROJAS-LA-TECNOLOGIA-DEL-COSMOS-263x300.jpg 263w, https:\/\/www.pierremonteagudo.com\/wp-content\/uploads\/2021\/10\/PORTADA-TIENDA-LIBRO-2-EXPEDIENTE-ROJAS-LA-TECNOLOGIA-DEL-COSMOS.jpg 562w\" alt=\"\" width=\"263\" height=\"300\" \/><figcaption>Expediente Rojas La Tecnolog\u00eda del Cosmos<\/figcaption><\/figure>\n<p><a role=\"button\" href=\"https:\/\/buy.stripe.com\/eVa2ax7l13H21fG8wB\"><br \/>\nComprar libro<br \/>\n<\/a><\/p>\n<h6 style=\"text-align: justify;\"><em><strong>Este libro es enviado directamente por el autor. Al comprar el libro usted obtiene la ventaja de recibirlo dedicado por el escritor, directamente en su domicilio. Los gastos de env\u00edo est\u00e1n incluidos. Para adquirir su ejemplar dedicado, por favor, escriba al correo electr\u00f3nico <a href=\"mailto:info@pierremonteagudo.com\">info@pierremonteagudo.com<\/a><\/strong><\/em><\/h6>\n","protected":false},"excerpt":{"rendered":"<p>La biograf\u00eda de un genio olvidado de la carrera espacial te llevar\u00e1 al l\u00edmite de las emociones en el impactante mundo del programa MKUltra y el borrado de los recuerdos. Las evidencias indican que el personaje sufri\u00f3 un gran da\u00f1o f\u00edsico, ps\u00edquico y moral. A pesar de las torturas, gracias a su habitual voluntad de [&hellip;]<\/p>\n","protected":false},"author":4,"featured_media":0,"parent":0,"menu_order":0,"comment_status":"closed","ping_status":"closed","template":"","meta":{"kt_blocks_editor_width":"","footnotes":""},"class_list":["post-321","page","type-page","status-publish","hentry"],"_links":{"self":[{"href":"https:\/\/www.pierremonteagudo.com\/index.php\/wp-json\/wp\/v2\/pages\/321","targetHints":{"allow":["GET"]}}],"collection":[{"href":"https:\/\/www.pierremonteagudo.com\/index.php\/wp-json\/wp\/v2\/pages"}],"about":[{"href":"https:\/\/www.pierremonteagudo.com\/index.php\/wp-json\/wp\/v2\/types\/page"}],"author":[{"embeddable":true,"href":"https:\/\/www.pierremonteagudo.com\/index.php\/wp-json\/wp\/v2\/users\/4"}],"replies":[{"embeddable":true,"href":"https:\/\/www.pierremonteagudo.com\/index.php\/wp-json\/wp\/v2\/comments?post=321"}],"version-history":[{"count":51,"href":"https:\/\/www.pierremonteagudo.com\/index.php\/wp-json\/wp\/v2\/pages\/321\/revisions"}],"predecessor-version":[{"id":2240,"href":"https:\/\/www.pierremonteagudo.com\/index.php\/wp-json\/wp\/v2\/pages\/321\/revisions\/2240"}],"wp:attachment":[{"href":"https:\/\/www.pierremonteagudo.com\/index.php\/wp-json\/wp\/v2\/media?parent=321"}],"curies":[{"name":"wp","href":"https:\/\/api.w.org\/{rel}","templated":true}]}}