{"id":318,"date":"2021-10-30T22:06:19","date_gmt":"2021-10-30T22:06:19","guid":{"rendered":"https:\/\/www.pierremonteagudo.com\/?page_id=318"},"modified":"2025-08-20T17:31:35","modified_gmt":"2025-08-20T17:31:35","slug":"secretos-de-estado","status":"publish","type":"page","link":"https:\/\/www.pierremonteagudo.com\/","title":{"rendered":"SECRETOS DE ESTADO"},"content":{"rendered":"\t\t<div data-elementor-type=\"wp-page\" data-elementor-id=\"318\" class=\"elementor elementor-318\" data-elementor-settings=\"[]\">\n\t\t\t\t\t\t\t<div class=\"elementor-section-wrap\">\n\t\t\t\t\t\t\t<section class=\"elementor-section elementor-top-section elementor-element elementor-element-54e0c3a elementor-section-boxed elementor-section-height-default elementor-section-height-default\" data-id=\"54e0c3a\" data-element_type=\"section\">\n\t\t\t\t\t\t<div class=\"elementor-container elementor-column-gap-default\">\n\t\t\t\t\t<div class=\"elementor-column elementor-col-33 elementor-top-column elementor-element elementor-element-28a733e\" data-id=\"28a733e\" data-element_type=\"column\">\n\t\t\t<div class=\"elementor-widget-wrap elementor-element-populated\">\n\t\t\t\t\t\t\t\t<div class=\"elementor-element elementor-element-e61d35f elementor-widget elementor-widget-spacer\" data-id=\"e61d35f\" data-element_type=\"widget\" data-widget_type=\"spacer.default\">\n\t\t\t\t<div class=\"elementor-widget-container\">\n\t\t\t\t\t<div class=\"elementor-spacer\">\n\t\t\t<div class=\"elementor-spacer-inner\"><\/div>\n\t\t<\/div>\n\t\t\t\t<\/div>\n\t\t\t\t<\/div>\n\t\t\t\t<div class=\"elementor-element elementor-element-d8c9b69 elementor-drop-cap-yes elementor-drop-cap-view-default elementor-widget elementor-widget-text-editor\" data-id=\"d8c9b69\" data-element_type=\"widget\" data-settings=\"{&quot;drop_cap&quot;:&quot;yes&quot;}\" data-widget_type=\"text-editor.default\">\n\t\t\t\t<div class=\"elementor-widget-container\">\n\t\t\t<style>\/*! elementor - v3.5.1 - 20-12-2021 *\/\n.elementor-widget-text-editor.elementor-drop-cap-view-stacked .elementor-drop-cap{background-color:#818a91;color:#fff}.elementor-widget-text-editor.elementor-drop-cap-view-framed .elementor-drop-cap{color:#818a91;border:3px solid;background-color:transparent}.elementor-widget-text-editor:not(.elementor-drop-cap-view-default) .elementor-drop-cap{margin-top:8px}.elementor-widget-text-editor:not(.elementor-drop-cap-view-default) .elementor-drop-cap-letter{width:1em;height:1em}.elementor-widget-text-editor .elementor-drop-cap{float:left;text-align:center;line-height:1;font-size:50px}.elementor-widget-text-editor .elementor-drop-cap-letter{display:inline-block}<\/style>\t\t\t\t<p style=\"text-align: justify;\">En honor a la verdad, nunca pens\u00e9 que aquel encuentro, en apariencia casual, me llevar\u00eda a contar algunos de los <em>Secretos de Estado <\/em>m\u00e1s fascinantes de la historia. Pactos ocultos, ultrasecretos y dominaci\u00f3n mundial. \u00a1Vaya l\u00edos por dominar el mundo! Informaci\u00f3n privilegiada, an\u00e9cdotas in\u00e9ditas de la Guerra Fr\u00eda, el magnicidio de JFK, \u00bfQui\u00e9nes dise\u00f1aron el conflicto b\u00e9lico en el Cono Sur? La humanidad nunca supo que desde entonces hay tres cad\u00e1veres humanos en la Luna.\u00a0<\/p><p style=\"text-align: justify;\"><em>Secretos de Estado <\/em>es una obra maestra de la originalidad, la obra cumbre de un escritor de investigaci\u00f3n con el perfil singular de un divulgador cient\u00edfico de lo misterioso. Sobre esta obra, el lector cero ha dicho: \u00ab\u00a1Para quitarse el sombrero!\u00bb. Adelante, descubre una parte oculta de la historia&#8230; Te asombrar\u00e1s sin l\u00edmites. Ciertamente, la realidad supera a la ficci\u00f3n.<em> \u00a0 \u00a0 \u00a0 <\/em><\/p><p style=\"text-align: justify;\"><strong><em>Secretos de Estado est\u00e1 basado en las componendas de las superpotencias mundiales.<\/em><\/strong><\/p>\t\t\t\t\t\t<\/div>\n\t\t\t\t<\/div>\n\t\t\t\t<div class=\"elementor-element elementor-element-eb16056 elementor-widget elementor-widget-spacer\" data-id=\"eb16056\" data-element_type=\"widget\" data-widget_type=\"spacer.default\">\n\t\t\t\t<div class=\"elementor-widget-container\">\n\t\t\t\t\t<div class=\"elementor-spacer\">\n\t\t\t<div class=\"elementor-spacer-inner\"><\/div>\n\t\t<\/div>\n\t\t\t\t<\/div>\n\t\t\t\t<\/div>\n\t\t\t\t<div class=\"elementor-element elementor-element-366c38c elementor-widget elementor-widget-text-editor\" data-id=\"366c38c\" data-element_type=\"widget\" data-widget_type=\"text-editor.default\">\n\t\t\t\t<div class=\"elementor-widget-container\">\n\t\t\t\t\t\t\t\t\t\t\t\t\t<\/div>\n\t\t\t\t<\/div>\n\t\t\t\t\t<\/div>\n\t\t<\/div>\n\t\t\t\t<div class=\"elementor-column elementor-col-33 elementor-top-column elementor-element elementor-element-8a10df3\" data-id=\"8a10df3\" data-element_type=\"column\">\n\t\t\t<div class=\"elementor-widget-wrap\">\n\t\t\t\t\t\t\t\t\t<\/div>\n\t\t<\/div>\n\t\t\t\t<div class=\"elementor-column elementor-col-33 elementor-top-column elementor-element elementor-element-7908ffe\" data-id=\"7908ffe\" data-element_type=\"column\">\n\t\t\t<div class=\"elementor-widget-wrap elementor-element-populated\">\n\t\t\t\t\t\t\t\t<div class=\"elementor-element elementor-element-cff8747 animated-slow elementor-invisible elementor-widget elementor-widget-image\" data-id=\"cff8747\" data-element_type=\"widget\" data-settings=\"{&quot;_animation&quot;:&quot;zoomIn&quot;}\" data-widget_type=\"image.default\">\n\t\t\t\t<div class=\"elementor-widget-container\">\n\t\t\t<style>\/*! elementor - v3.5.1 - 20-12-2021 *\/\n.elementor-widget-image{text-align:center}.elementor-widget-image a{display:inline-block}.elementor-widget-image a img[src$=\".svg\"]{width:48px}.elementor-widget-image img{vertical-align:middle;display:inline-block}<\/style>\t\t\t\t\t\t\t\t\t<figure class=\"wp-caption\">\n\t\t\t\t\t\t\t\t\t\t<img loading=\"lazy\" decoding=\"async\" width=\"768\" height=\"1195\" src=\"https:\/\/www.pierremonteagudo.com\/wp-content\/uploads\/2021\/11\/PABLO-VILLARRUBIA-OPINION-SECRETOS-DE-ESTADO1-1-768x1195.jpg\" class=\"attachment-medium_large size-medium_large\" alt=\"\" srcset=\"https:\/\/www.pierremonteagudo.com\/wp-content\/uploads\/2021\/11\/PABLO-VILLARRUBIA-OPINION-SECRETOS-DE-ESTADO1-1-768x1195.jpg 768w, https:\/\/www.pierremonteagudo.com\/wp-content\/uploads\/2021\/11\/PABLO-VILLARRUBIA-OPINION-SECRETOS-DE-ESTADO1-1-600x934.jpg 600w, https:\/\/www.pierremonteagudo.com\/wp-content\/uploads\/2021\/11\/PABLO-VILLARRUBIA-OPINION-SECRETOS-DE-ESTADO1-1-193x300.jpg 193w, https:\/\/www.pierremonteagudo.com\/wp-content\/uploads\/2021\/11\/PABLO-VILLARRUBIA-OPINION-SECRETOS-DE-ESTADO1-1-658x1024.jpg 658w, https:\/\/www.pierremonteagudo.com\/wp-content\/uploads\/2021\/11\/PABLO-VILLARRUBIA-OPINION-SECRETOS-DE-ESTADO1-1-987x1536.jpg 987w, https:\/\/www.pierremonteagudo.com\/wp-content\/uploads\/2021\/11\/PABLO-VILLARRUBIA-OPINION-SECRETOS-DE-ESTADO1-1.jpg 1063w\" sizes=\"auto, (max-width: 768px) 100vw, 768px\" \/>\t\t\t\t\t\t\t\t\t\t\t<figcaption class=\"widget-image-caption wp-caption-text\">Secretos de Estado - Trilog\u00eda Expediente Rojas<\/figcaption>\n\t\t\t\t\t\t\t\t\t\t<\/figure>\n\t\t\t\t\t\t\t\t\t<\/div>\n\t\t\t\t<\/div>\n\t\t\t\t<div class=\"elementor-element elementor-element-2c6f999 elementor-button-info animated-slow elementor-align-center elementor-widget__width-inherit elementor-widget elementor-widget-button\" data-id=\"2c6f999\" data-element_type=\"widget\" data-settings=\"{&quot;_animation&quot;:&quot;none&quot;,&quot;_animation_delay&quot;:500}\" data-widget_type=\"button.default\">\n\t\t\t\t<div class=\"elementor-widget-container\">\n\t\t\t\t\t<div class=\"elementor-button-wrapper\">\n\t\t\t<a href=\"https:\/\/buy.stripe.com\/5kA02p48PelGf6wcMO\" class=\"elementor-button-link elementor-button elementor-size-xs elementor-animation-buzz\" role=\"button\">\n\t\t\t\t\t\t<span class=\"elementor-button-content-wrapper\">\n\t\t\t\t\t\t<span class=\"elementor-button-icon elementor-align-icon-right\">\n\t\t\t\t<i aria-hidden=\"true\" class=\"far fa-hand-point-up\"><\/i>\t\t\t<\/span>\n\t\t\t\t\t\t<span class=\"elementor-button-text\">Secretos de Estado<\/span>\n\t\t<\/span>\n\t\t\t\t\t<\/a>\n\t\t<\/div>\n\t\t\t\t<\/div>\n\t\t\t\t<\/div>\n\t\t\t\t\t<\/div>\n\t\t<\/div>\n\t\t\t\t\t\t\t<\/div>\n\t\t<\/section>\n\t\t\t\t<section class=\"elementor-section elementor-top-section elementor-element elementor-element-62b8e47 elementor-section-full_width elementor-section-height-default elementor-section-height-default\" data-id=\"62b8e47\" data-element_type=\"section\" data-settings=\"{&quot;background_background&quot;:&quot;gradient&quot;}\">\n\t\t\t\t\t\t<div class=\"elementor-container elementor-column-gap-default\">\n\t\t\t\t\t<div class=\"elementor-column elementor-col-100 elementor-top-column elementor-element elementor-element-b859d64\" data-id=\"b859d64\" data-element_type=\"column\">\n\t\t\t<div class=\"elementor-widget-wrap elementor-element-populated\">\n\t\t\t\t\t\t\t\t<div class=\"elementor-element elementor-element-e07d65e elementor-widget elementor-widget-text-editor\" data-id=\"e07d65e\" data-element_type=\"widget\" data-widget_type=\"text-editor.default\">\n\t\t\t\t<div class=\"elementor-widget-container\">\n\t\t\t\t\t\t\t<h6 style=\"text-align: justify;\"><em>Este libro es enviado directamente por el autor. Al comprar el libro usted obtiene la ventaja de recibirlo dedicado por el escritor, directamente en su domicilio. Los gastos de env\u00edo est\u00e1n incluidos. Para adquirir su ejemplar dedicado, por favor, escriba al correo electr\u00f3nico <a style=\"font-weight: bold;\" href=\"mailto:info@pierremonteagudo.com\">info@pierremonteagudo.com<\/a><\/em><\/h6>\t\t\t\t\t\t<\/div>\n\t\t\t\t<\/div>\n\t\t\t\t<div class=\"elementor-element elementor-element-d0fed0d elementor-widget elementor-widget-spacer\" data-id=\"d0fed0d\" data-element_type=\"widget\" data-widget_type=\"spacer.default\">\n\t\t\t\t<div class=\"elementor-widget-container\">\n\t\t\t\t\t<div class=\"elementor-spacer\">\n\t\t\t<div class=\"elementor-spacer-inner\"><\/div>\n\t\t<\/div>\n\t\t\t\t<\/div>\n\t\t\t\t<\/div>\n\t\t\t\t\t<\/div>\n\t\t<\/div>\n\t\t\t\t\t\t\t<\/div>\n\t\t<\/section>\n\t\t\t\t<section class=\"elementor-section elementor-top-section elementor-element elementor-element-afdee58 elementor-section-boxed elementor-section-height-default elementor-section-height-default\" data-id=\"afdee58\" data-element_type=\"section\">\n\t\t\t\t\t\t<div class=\"elementor-container elementor-column-gap-default\">\n\t\t\t\t\t<div class=\"elementor-column elementor-col-100 elementor-top-column elementor-element elementor-element-fab7348\" data-id=\"fab7348\" data-element_type=\"column\">\n\t\t\t<div class=\"elementor-widget-wrap elementor-element-populated\">\n\t\t\t\t\t\t\t\t<div class=\"elementor-element elementor-element-dd5d79f elementor-widget elementor-widget-heading\" data-id=\"dd5d79f\" data-element_type=\"widget\" data-widget_type=\"heading.default\">\n\t\t\t\t<div class=\"elementor-widget-container\">\n\t\t\t<style>\/*! elementor - v3.5.1 - 20-12-2021 *\/\n.elementor-heading-title{padding:0;margin:0;line-height:1}.elementor-widget-heading .elementor-heading-title[class*=elementor-size-]>a{color:inherit;font-size:inherit;line-height:inherit}.elementor-widget-heading .elementor-heading-title.elementor-size-small{font-size:15px}.elementor-widget-heading .elementor-heading-title.elementor-size-medium{font-size:19px}.elementor-widget-heading .elementor-heading-title.elementor-size-large{font-size:29px}.elementor-widget-heading .elementor-heading-title.elementor-size-xl{font-size:39px}.elementor-widget-heading .elementor-heading-title.elementor-size-xxl{font-size:59px}<\/style><h2 class=\"elementor-heading-title elementor-size-xl\">\u00bfQu\u00e9 es \u00abSecretos de Estado\u00bb?<\/h2>\t\t<\/div>\n\t\t\t\t<\/div>\n\t\t\t\t<section class=\"elementor-section elementor-inner-section elementor-element elementor-element-936739d elementor-section-boxed elementor-section-height-default elementor-section-height-default\" data-id=\"936739d\" data-element_type=\"section\">\n\t\t\t\t\t\t<div class=\"elementor-container elementor-column-gap-default\">\n\t\t\t\t\t<div class=\"elementor-column elementor-col-100 elementor-inner-column elementor-element elementor-element-cfe2f8e\" data-id=\"cfe2f8e\" data-element_type=\"column\">\n\t\t\t<div class=\"elementor-widget-wrap elementor-element-populated\">\n\t\t\t\t\t\t\t\t<div class=\"elementor-element elementor-element-d5d49d0 elementor-widget elementor-widget-text-editor\" data-id=\"d5d49d0\" data-element_type=\"widget\" data-widget_type=\"text-editor.default\">\n\t\t\t\t<div class=\"elementor-widget-container\">\n\t\t\t\t\t\t\t<p style=\"text-align: justify;\"><em><strong>Miles de horas de investigaci\u00f3n en archivos de varios pa\u00edses. Miles de kil\u00f3metros recorridos en b\u00fasqueda de informaci\u00f3n sobre el Profesor H\u00e9ctor R. Rojas, doctorado en astrof\u00edsica y matem\u00e1ticas, cient\u00edfico y astronauta de la NASA, en el Programa Lunar Apolo para llevar al ser humano a la Luna.<\/strong><\/em><\/p>\t\t\t\t\t\t<\/div>\n\t\t\t\t<\/div>\n\t\t\t\t\t<\/div>\n\t\t<\/div>\n\t\t\t\t\t\t\t<\/div>\n\t\t<\/section>\n\t\t\t\t\t<\/div>\n\t\t<\/div>\n\t\t\t\t\t\t\t<\/div>\n\t\t<\/section>\n\t\t\t\t<section class=\"elementor-section elementor-top-section elementor-element elementor-element-3628cd7 elementor-section-boxed elementor-section-height-default elementor-section-height-default\" data-id=\"3628cd7\" data-element_type=\"section\">\n\t\t\t\t\t\t<div class=\"elementor-container elementor-column-gap-default\">\n\t\t\t\t\t<div class=\"elementor-column elementor-col-50 elementor-top-column elementor-element elementor-element-feafba7\" data-id=\"feafba7\" data-element_type=\"column\">\n\t\t\t<div class=\"elementor-widget-wrap elementor-element-populated\">\n\t\t\t\t\t\t\t\t<div class=\"elementor-element elementor-element-6cb1482 elementor-widget elementor-widget-image\" data-id=\"6cb1482\" data-element_type=\"widget\" data-widget_type=\"image.default\">\n\t\t\t\t<div class=\"elementor-widget-container\">\n\t\t\t\t\t\t\t\t\t\t\t\t<figure class=\"wp-caption\">\n\t\t\t\t\t\t\t\t\t\t<img loading=\"lazy\" decoding=\"async\" width=\"843\" height=\"1024\" src=\"https:\/\/www.pierremonteagudo.com\/wp-content\/uploads\/2021\/11\/Pierre-Monteagudo-pagina-secretos-de-estado-843x1024.jpg\" class=\"attachment-large size-large\" alt=\"\" srcset=\"https:\/\/www.pierremonteagudo.com\/wp-content\/uploads\/2021\/11\/Pierre-Monteagudo-pagina-secretos-de-estado-843x1024.jpg 843w, https:\/\/www.pierremonteagudo.com\/wp-content\/uploads\/2021\/11\/Pierre-Monteagudo-pagina-secretos-de-estado-600x729.jpg 600w, https:\/\/www.pierremonteagudo.com\/wp-content\/uploads\/2021\/11\/Pierre-Monteagudo-pagina-secretos-de-estado-247x300.jpg 247w, https:\/\/www.pierremonteagudo.com\/wp-content\/uploads\/2021\/11\/Pierre-Monteagudo-pagina-secretos-de-estado-768x933.jpg 768w, https:\/\/www.pierremonteagudo.com\/wp-content\/uploads\/2021\/11\/Pierre-Monteagudo-pagina-secretos-de-estado.jpg 1000w\" sizes=\"auto, (max-width: 843px) 100vw, 843px\" \/>\t\t\t\t\t\t\t\t\t\t\t<figcaption class=\"widget-image-caption wp-caption-text\">Astrof\u00edsico venezolano viajar\u00e1 a la Luna.<\/figcaption>\n\t\t\t\t\t\t\t\t\t\t<\/figure>\n\t\t\t\t\t\t\t\t\t<\/div>\n\t\t\t\t<\/div>\n\t\t\t\t\t<\/div>\n\t\t<\/div>\n\t\t\t\t<div class=\"elementor-column elementor-col-50 elementor-top-column elementor-element elementor-element-c80347c\" data-id=\"c80347c\" data-element_type=\"column\">\n\t\t\t<div class=\"elementor-widget-wrap elementor-element-populated\">\n\t\t\t\t\t\t\t\t<div class=\"elementor-element elementor-element-2823fa5 elementor-widget elementor-widget-spacer\" data-id=\"2823fa5\" data-element_type=\"widget\" data-widget_type=\"spacer.default\">\n\t\t\t\t<div class=\"elementor-widget-container\">\n\t\t\t\t\t<div class=\"elementor-spacer\">\n\t\t\t<div class=\"elementor-spacer-inner\"><\/div>\n\t\t<\/div>\n\t\t\t\t<\/div>\n\t\t\t\t<\/div>\n\t\t\t\t<div class=\"elementor-element elementor-element-2a88fbe elementor-drop-cap-yes elementor-drop-cap-view-default elementor-widget elementor-widget-text-editor\" data-id=\"2a88fbe\" data-element_type=\"widget\" data-settings=\"{&quot;drop_cap&quot;:&quot;yes&quot;}\" data-widget_type=\"text-editor.default\">\n\t\t\t\t<div class=\"elementor-widget-container\">\n\t\t\t\t\t\t\t<p>El esfuerzo y el tes\u00f3n del investigador, a lo largo de los \u00faltimos 9 a\u00f1os, le ha llevado a contactar con fuentes cercanas al cient\u00edfico durante la \u00e9poca conocida como la Guerra Fr\u00eda, un tiempo en el que estuvo vinculado a los c\u00edrculos militares y pol\u00edticos del m\u00e1s alto nivel mundial. Los diarios perdidos de Rojas son la documentaci\u00f3n in\u00e9dita, descubierta tras a\u00f1os de b\u00fasqueda, que nos revela una serie de informaciones y ultrasecretos de la geopol\u00edtica desarrollada por las superpotencias de la carrera espacial, con el objetivo de perpetuarse en la dominaci\u00f3n mundial. Fruto de estas pesquisas nace <strong><em>Secretos de Estado, Washington D. C. | Mosc\u00fa | Londres | Caracas, <\/em><\/strong>la obra cumbre que completa la trilog\u00eda junto con las publicaciones previas de <em><strong>Expediente Rojas &#8211; NASA Reports 1\/2\/3<\/strong><\/em> y<em><strong> Expediente Rojas: La Tecnolog\u00eda del Cosmos.\u00a0<\/strong><\/em><\/p><p>En <em><strong>Expediente Rojas &#8211; NASA Reports 1\/2\/3<\/strong><\/em>, el autor narra con una particular facilidad y en un lenguaje ameno, su experiencia personal al descubrir la Luna y el Universo de la mano de las an\u00e9cdotas del Profesor H\u00e9ctor Rojas y c\u00f3mo tras buscar informaci\u00f3n sobre el astrof\u00edsico, inicia una campa\u00f1a de acreditaci\u00f3n y reconocimiento de su trabajo en la NASA, los descubrimientos que hizo y su legado cient\u00edfico. Y es que este hombre de ciencia, siendo personal de confianza de la Agencia Espacial Estadounidense y creador del Sistema de Coordenadas o M\u00e9todo Rojas de las extrapolaciones sucesivas, en su condici\u00f3n de matem\u00e1tico experto, efectu\u00f3 los c\u00e1lculos para aterrizar en la Luna, definiendo los lugares m\u00e1s seguros para las caminatas de los astronautas.<\/p><p>Con los a\u00f1os de indagaciones, la informaci\u00f3n privilegiada da lugar al segundo Expediente, <em><strong>La Tecnolog\u00eda del Cosmos,<\/strong><\/em> un compendio de las haza\u00f1as cient\u00edficas del astrof\u00edsico, que lo llevaron a ser uno de los pilares de la llegada del ser humano a la Luna y su regreso sano y salvo a la Tierra.<\/p>\t\t\t\t\t\t<\/div>\n\t\t\t\t<\/div>\n\t\t\t\t<div class=\"elementor-element elementor-element-8aadfca elementor-widget elementor-widget-text-editor\" data-id=\"8aadfca\" data-element_type=\"widget\" data-widget_type=\"text-editor.default\">\n\t\t\t\t<div class=\"elementor-widget-container\">\n\t\t\t\t\t\t\t<p>.<\/p>\t\t\t\t\t\t<\/div>\n\t\t\t\t<\/div>\n\t\t\t\t\t<\/div>\n\t\t<\/div>\n\t\t\t\t\t\t\t<\/div>\n\t\t<\/section>\n\t\t\t\t<section class=\"elementor-section elementor-top-section elementor-element elementor-element-28a8532 elementor-section-boxed elementor-section-height-default elementor-section-height-default\" data-id=\"28a8532\" data-element_type=\"section\">\n\t\t\t\t\t\t<div class=\"elementor-container elementor-column-gap-default\">\n\t\t\t\t\t<div class=\"elementor-column elementor-col-33 elementor-top-column elementor-element elementor-element-bb783be\" data-id=\"bb783be\" data-element_type=\"column\">\n\t\t\t<div class=\"elementor-widget-wrap elementor-element-populated\">\n\t\t\t\t\t\t\t\t<div class=\"elementor-element elementor-element-3627d73 elementor-widget elementor-widget-text-editor\" data-id=\"3627d73\" data-element_type=\"widget\" data-widget_type=\"text-editor.default\">\n\t\t\t\t<div class=\"elementor-widget-container\">\n\t\t\t\t\t\t\t<p>En la continuaci\u00f3n de su trabajo, el escritor especializado en la biograf\u00eda del astrof\u00edsico ha accedido a los estudios manuscritos de Rojas, a trav\u00e9s de los cuales ha conocido las informaciones in\u00e9ditas y los ultrasecretos que ahora nos presenta en <i><b>Secretos de Estado.<\/b><\/i> En esta obra,\u00a0\u042fU$A es el pulpo ilustrado que simboliza la dominaci\u00f3n mundial. El af\u00e1n por controlar el planeta es una antigua obsesi\u00f3n de las superpotencias representadas en este espectacular trabajo con el acr\u00f3nimo \u042fU$A, el pulpo de la dominaci\u00f3n mundial.\u00a0<\/p><p>En respuesta a la pregunta del comienzo, hay que decir que <em><strong>Secretos de Estado<\/strong><\/em> es el compendio del conocimiento adquirido con el an\u00e1lisis de los documentos secretos de Rojas, donde se desvela la realidad de aquello que cre\u00edamos conocer, lo que han querido que crey\u00e9ramos, y que nos han envuelto en un halo de omisi\u00f3n, sesgo y falsedad.<\/p><p><strong><em>Secretos de Estado<\/em><\/strong> es el libro de la revelaci\u00f3n, la obra final y posiblemente el mayor trabajo sobre pactos ocultos y ultrasecretos de la geopol\u00edtica mundial, incluyendo la explicaci\u00f3n de ciertos experimentos y algunos de los mayores descubrimientos de la historia.<\/p>\t\t\t\t\t\t<\/div>\n\t\t\t\t<\/div>\n\t\t\t\t\t<\/div>\n\t\t<\/div>\n\t\t\t\t<div class=\"elementor-column elementor-col-66 elementor-top-column elementor-element elementor-element-f9ce2e5\" data-id=\"f9ce2e5\" data-element_type=\"column\">\n\t\t\t<div class=\"elementor-widget-wrap elementor-element-populated\">\n\t\t\t\t\t\t\t\t<div class=\"elementor-element elementor-element-ef26a31 elementor-widget elementor-widget-image\" data-id=\"ef26a31\" data-element_type=\"widget\" data-widget_type=\"image.default\">\n\t\t\t\t<div class=\"elementor-widget-container\">\n\t\t\t\t\t\t\t\t\t\t\t\t<figure class=\"wp-caption\">\n\t\t\t\t\t\t\t\t\t\t\t<a href=\"http:\/\/www.pierremonteagudo.com\/wp-content\/uploads\/2021\/11\/CONSIGUELO-EL-PULPO-DE-LA-DOMINACION-ANUNCIO-scaled.jpg\" data-elementor-open-lightbox=\"yes\" data-elementor-lightbox-title=\"CONS\u00cdGUELO-EL PULPO DE LA DOMINACI\u00d3N-ANUNCIO\">\n\t\t\t\t\t\t\t<img loading=\"lazy\" decoding=\"async\" width=\"198\" height=\"300\" src=\"https:\/\/www.pierremonteagudo.com\/wp-content\/uploads\/2021\/11\/CONSIGUELO-EL-PULPO-DE-LA-DOMINACION-ANUNCIO-198x300.jpg\" class=\"attachment-medium size-medium\" alt=\"\" srcset=\"https:\/\/www.pierremonteagudo.com\/wp-content\/uploads\/2021\/11\/CONSIGUELO-EL-PULPO-DE-LA-DOMINACION-ANUNCIO-198x300.jpg 198w, https:\/\/www.pierremonteagudo.com\/wp-content\/uploads\/2021\/11\/CONSIGUELO-EL-PULPO-DE-LA-DOMINACION-ANUNCIO-scaled-600x910.jpg 600w, https:\/\/www.pierremonteagudo.com\/wp-content\/uploads\/2021\/11\/CONSIGUELO-EL-PULPO-DE-LA-DOMINACION-ANUNCIO-675x1024.jpg 675w, https:\/\/www.pierremonteagudo.com\/wp-content\/uploads\/2021\/11\/CONSIGUELO-EL-PULPO-DE-LA-DOMINACION-ANUNCIO-768x1165.jpg 768w, https:\/\/www.pierremonteagudo.com\/wp-content\/uploads\/2021\/11\/CONSIGUELO-EL-PULPO-DE-LA-DOMINACION-ANUNCIO-1013x1536.jpg 1013w, https:\/\/www.pierremonteagudo.com\/wp-content\/uploads\/2021\/11\/CONSIGUELO-EL-PULPO-DE-LA-DOMINACION-ANUNCIO-1351x2048.jpg 1351w, https:\/\/www.pierremonteagudo.com\/wp-content\/uploads\/2021\/11\/CONSIGUELO-EL-PULPO-DE-LA-DOMINACION-ANUNCIO-scaled.jpg 1688w\" sizes=\"auto, (max-width: 198px) 100vw, 198px\" \/>\t\t\t\t\t\t\t\t<\/a>\n\t\t\t\t\t\t\t\t\t\t\t<figcaption class=\"widget-image-caption wp-caption-text\">\u042fU$A es el pulpo ilustrado que simboliza la dominaci\u00f3n  mundial.<\/figcaption>\n\t\t\t\t\t\t\t\t\t\t<\/figure>\n\t\t\t\t\t\t\t\t\t<\/div>\n\t\t\t\t<\/div>\n\t\t\t\t<div class=\"elementor-element elementor-element-608a8c2 elementor-button-info animated-slow elementor-align-right elementor-widget__width-inherit elementor-invisible elementor-widget elementor-widget-button\" data-id=\"608a8c2\" data-element_type=\"widget\" data-settings=\"{&quot;_animation&quot;:&quot;fadeInLeft&quot;,&quot;_animation_delay&quot;:2000}\" data-widget_type=\"button.default\">\n\t\t\t\t<div class=\"elementor-widget-container\">\n\t\t\t\t\t<div class=\"elementor-button-wrapper\">\n\t\t\t<a href=\"https:\/\/buy.stripe.com\/5kA02p48PelGf6wcMO\" class=\"elementor-button-link elementor-button elementor-size-xs elementor-animation-buzz\" role=\"button\">\n\t\t\t\t\t\t<span class=\"elementor-button-content-wrapper\">\n\t\t\t\t\t\t<span class=\"elementor-button-icon elementor-align-icon-right\">\n\t\t\t\t<i aria-hidden=\"true\" class=\"far fa-hand-point-up\"><\/i>\t\t\t<\/span>\n\t\t\t\t\t\t<span class=\"elementor-button-text\">Secretos de Estado<\/span>\n\t\t<\/span>\n\t\t\t\t\t<\/a>\n\t\t<\/div>\n\t\t\t\t<\/div>\n\t\t\t\t<\/div>\n\t\t\t\t\t<\/div>\n\t\t<\/div>\n\t\t\t\t\t\t\t<\/div>\n\t\t<\/section>\n\t\t\t\t\t\t<\/div>\n\t\t\t\t\t<\/div>\n\t\t","protected":false},"excerpt":{"rendered":"<p>En honor a la verdad, nunca pens\u00e9 que aquel encuentro, en apariencia casual, me llevar\u00eda a contar algunos de los Secretos de Estado m\u00e1s fascinantes de la historia. Pactos ocultos, ultrasecretos y dominaci\u00f3n mundial. \u00a1Vaya l\u00edos por dominar el mundo! Informaci\u00f3n privilegiada, an\u00e9cdotas in\u00e9ditas de la Guerra Fr\u00eda, el magnicidio de JFK, \u00bfQui\u00e9nes dise\u00f1aron el [&hellip;]<\/p>\n","protected":false},"author":4,"featured_media":0,"parent":0,"menu_order":0,"comment_status":"closed","ping_status":"closed","template":"","meta":{"kt_blocks_editor_width":"","footnotes":""},"class_list":["post-318","page","type-page","status-publish","hentry"],"_links":{"self":[{"href":"https:\/\/www.pierremonteagudo.com\/index.php\/wp-json\/wp\/v2\/pages\/318","targetHints":{"allow":["GET"]}}],"collection":[{"href":"https:\/\/www.pierremonteagudo.com\/index.php\/wp-json\/wp\/v2\/pages"}],"about":[{"href":"https:\/\/www.pierremonteagudo.com\/index.php\/wp-json\/wp\/v2\/types\/page"}],"author":[{"embeddable":true,"href":"https:\/\/www.pierremonteagudo.com\/index.php\/wp-json\/wp\/v2\/users\/4"}],"replies":[{"embeddable":true,"href":"https:\/\/www.pierremonteagudo.com\/index.php\/wp-json\/wp\/v2\/comments?post=318"}],"version-history":[{"count":313,"href":"https:\/\/www.pierremonteagudo.com\/index.php\/wp-json\/wp\/v2\/pages\/318\/revisions"}],"predecessor-version":[{"id":2252,"href":"https:\/\/www.pierremonteagudo.com\/index.php\/wp-json\/wp\/v2\/pages\/318\/revisions\/2252"}],"wp:attachment":[{"href":"https:\/\/www.pierremonteagudo.com\/index.php\/wp-json\/wp\/v2\/media?parent=318"}],"curies":[{"name":"wp","href":"https:\/\/api.w.org\/{rel}","templated":true}]}}